{"id":193,"date":"2024-02-27T09:51:37","date_gmt":"2024-02-27T09:51:37","guid":{"rendered":"https:\/\/arbminds.com\/?page_id=193"},"modified":"2024-02-27T10:36:58","modified_gmt":"2024-02-27T10:36:58","slug":"fda","status":"publish","type":"page","link":"https:\/\/arbminds.com\/index.php\/fda\/","title":{"rendered":"FDA"},"content":{"rendered":"\n<p><br><br><\/p>\n\n\n\n<p><\/p>\n\n\n\n<!DOCTYPE html>\n<html lang=\"en\">\n<head>\n  <meta charset=\"UTF-8\">\n  <meta name=\"viewport\" content=\"width=device-width, initial-scale=1.0\">\n  <title>Finansal Veri Analizi ve Tahmin Uygulamas\u0131<\/title>\n<\/head>\n<body>\n  <h1>Finansal Veri Analizi ve Tahmin Uygulamas\u0131<\/h1>\n  <label for=\"coinSymbol\">Kripto Para Birimi Sembol\u00fc:<\/label>\n  <input type=\"text\" id=\"coinSymbol\" placeholder=\"\u00d6rn: BTC, ETH...\">\n  <button onclick=\"analyzeData()\">Verileri Analiz Et<\/button>\n  <div id=\"analysisResult\"><\/div>\n\n  <script src=\"https:\/\/arbminds.com\/wp-includes\/js\/coinscript.js\"><\/script>\n<\/body>\n<\/html>\n","protected":false},"excerpt":{"rendered":"<p>Finansal Veri Analizi ve Tahmin Uygulamas\u0131 Finansal Veri Analizi ve Tahmin Uygulamas\u0131 Kripto Para Birimi Sembol\u00fc: Verileri Analiz Et<\/p>\n","protected":false},"author":1,"featured_media":0,"parent":0,"menu_order":0,"comment_status":"closed","ping_status":"closed","template":"","meta":{"footnotes":""},"class_list":["post-193","page","type-page","status-publish","hentry"],"jetpack_sharing_enabled":true,"_links":{"self":[{"href":"https:\/\/arbminds.com\/index.php\/wp-json\/wp\/v2\/pages\/193","targetHints":{"allow":["GET"]}}],"collection":[{"href":"https:\/\/arbminds.com\/index.php\/wp-json\/wp\/v2\/pages"}],"about":[{"href":"https:\/\/arbminds.com\/index.php\/wp-json\/wp\/v2\/types\/page"}],"author":[{"embeddable":true,"href":"https:\/\/arbminds.com\/index.php\/wp-json\/wp\/v2\/users\/1"}],"replies":[{"embeddable":true,"href":"https:\/\/arbminds.com\/index.php\/wp-json\/wp\/v2\/comments?post=193"}],"version-history":[{"count":5,"href":"https:\/\/arbminds.com\/index.php\/wp-json\/wp\/v2\/pages\/193\/revisions"}],"predecessor-version":[{"id":199,"href":"https:\/\/arbminds.com\/index.php\/wp-json\/wp\/v2\/pages\/193\/revisions\/199"}],"wp:attachment":[{"href":"https:\/\/arbminds.com\/index.php\/wp-json\/wp\/v2\/media?parent=193"}],"curies":[{"name":"wp","href":"https:\/\/api.w.org\/{rel}","templated":true}]}}